{"id":48,"date":"2017-10-10T07:23:58","date_gmt":"2017-10-10T07:23:58","guid":{"rendered":"http:\/\/abschleppdienst247.de\/?page_id=48"},"modified":"2026-01-05T15:35:19","modified_gmt":"2026-01-05T15:35:19","slug":"%d1%83%d1%81%d0%bb%d1%83%d0%b3%d0%b0-%d0%b1%d1%83%d0%ba%d1%81%d0%b8%d1%80%d0%be%d0%b2%d0%ba%d0%b8","status":"publish","type":"page","link":"https:\/\/abschleppdienst247.de\/ru\/abschleppdienst\/","title":{"rendered":"\u041e\u0442\u0431\u0443\u043a\u0441\u0438\u0440\u043e\u0432\u0430\u0442\u044c \u043c\u0430\u0448\u0438\u043d\u0443 \u0432 \u0411\u0435\u0440\u043b\u0438\u043d\u0435"},"content":{"rendered":"<p>Abschleppdienst \u2013 Autotransporte in Berlin. Wir holen Ihr Fahrzeug von jedem Standort ab und transportieren es zuverl\u00e4ssig zu seinem Bestimmungsort.<\/p>\n<p>Wie k\u00f6nnen Sie uns einen Transportauftrag \u00fcbermitteln?Rufen Sie uns einfach an und halten Sie bitte die Papiere Ihres Fahrzeuges bereit. Wir m\u00f6chten folgendes wissen:<\/p>\n<p>MarkeModelBaujahrGewichtgesamte L\u00e4ngeist das Auto fahrbereit oder nichtist das Auto rollbar?Standort und Zustelladressewie dringend m\u00f6chten Sie das Auto transportieren lassen<\/p>\n<p>Die Informationen \u00fcber Ihr Fahrzeug finden Sie im Fahrzeugschein. Wir ben\u00f6tigen diese, um schnellstm\u00f6glich Ihren Auftrag erledigen zu k\u00f6nnen. So k\u00f6nnen wir die Transportmittel auf Ihr Fahrzeug abstimmen, ihn direkt beginnen und reibungslos durchf\u00fchren.<\/p>\n<p>Wenn Sie das Auto in eine andere Stadt bringen m\u00f6chten, machen wir das gerne f\u00fcr Sie. Wir ben\u00f6tigen daf\u00fcr allerdings eine schriftliche Vollmacht.<\/p>\n<p><!-- 8a63b2585bb3ed69f580cd683e56b31b --><\/p>\n<div class=\"brz-root__container\"><\/div>","protected":false},"excerpt":{"rendered":"<p>Abschleppdienst \u2013 Autotransporte in Berlin. Wir holen Ihr Fahrzeug von jedem Standort ab und transportieren es zuverl\u00e4ssig zu seinem Bestimmungsort. Wie k\u00f6nnen Sie uns einen Transportauftrag \u00fcbermitteln?Rufen Sie uns einfach an und halten Sie bitte die Papiere Ihres Fahrzeuges bereit. Wir m\u00f6chten folgendes wissen: MarkeModelBaujahrGewichtgesamte L\u00e4ngeist das Auto fahrbereit oder nichtist das Auto rollbar?Standort und&hellip;&nbsp;<a href=\"https:\/\/abschleppdienst247.de\/ru\/abschleppdienst\/\" rel=\"bookmark\">\u041f\u043e\u0434\u0440\u043e\u0431\u043d\u0435\u0435 \u00bb<span class=\"screen-reader-text\">\u041e\u0442\u0431\u0443\u043a\u0441\u0438\u0440\u043e\u0432\u0430\u0442\u044c \u043c\u0430\u0448\u0438\u043d\u0443 \u0432 \u0411\u0435\u0440\u043b\u0438\u043d\u0435<\/span><\/a><\/p>","protected":false},"author":1,"featured_media":0,"parent":0,"menu_order":0,"comment_status":"closed","ping_status":"closed","template":"brizy-blank-template.php","meta":{"neve_meta_sidebar":"","neve_meta_container":"","neve_meta_enable_content_width":"","neve_meta_content_width":70,"neve_meta_title_alignment":"","neve_meta_author_avatar":"","neve_post_elements_order":"","neve_meta_disable_header":"","neve_meta_disable_footer":"","neve_meta_disable_title":"","_themeisle_gutenberg_block_has_review":false,"footnotes":""},"class_list":["post-48","page","type-page","status-publish","hentry"],"yoast_head":"<!-- This site is optimized with the Yoast SEO plugin v27.1.1 - https:\/\/yoast.com\/product\/yoast-seo-wordpress\/ -->\n<title>Abschleppdienst &#8902; Abschleppdienst Berlin<\/title>\n<meta name=\"robots\" content=\"index, follow, max-snippet:-1, max-image-preview:large, max-video-preview:-1\" \/>\n<link rel=\"canonical\" href=\"https:\/\/abschleppdienst247.de\/ru\/\u0443\u0441\u043b\u0443\u0433\u0430-\u0431\u0443\u043a\u0441\u0438\u0440\u043e\u0432\u043a\u0438\/\" \/>\n<meta property=\"og:locale\" content=\"ru_RU\" \/>\n<meta property=\"og:type\" content=\"article\" \/>\n<meta property=\"og:title\" content=\"Abschleppdienst &#8902; Abschleppdienst Berlin\" \/>\n<meta property=\"og:description\" content=\"Abschleppdienst \u2013 Autotransporte in Berlin. Wir holen Ihr Fahrzeug von jedem Standort ab und transportieren es zuverl\u00e4ssig zu seinem Bestimmungsort. Wie k\u00f6nnen Sie uns einen Transportauftrag \u00fcbermitteln?Rufen Sie uns einfach an und halten Sie bitte die Papiere Ihres Fahrzeuges bereit. Wir m\u00f6chten folgendes wissen: MarkeModelBaujahrGewichtgesamte L\u00e4ngeist das Auto fahrbereit oder nichtist das Auto rollbar?Standort und&hellip;&nbsp;\u041f\u043e\u0434\u0440\u043e\u0431\u043d\u0435\u0435 &raquo;Abschleppdienst\" \/>\n<meta property=\"og:url\" content=\"https:\/\/abschleppdienst247.de\/ru\/\u0443\u0441\u043b\u0443\u0433\u0430-\u0431\u0443\u043a\u0441\u0438\u0440\u043e\u0432\u043a\u0438\/\" \/>\n<meta property=\"og:site_name\" content=\"Abschleppdienst Berlin\" \/>\n<meta property=\"article:modified_time\" content=\"2026-01-05T15:35:19+00:00\" \/>\n<meta name=\"twitter:card\" content=\"summary_large_image\" \/>\n<meta name=\"twitter:label1\" content=\"\u041f\u0440\u0438\u043c\u0435\u0440\u043d\u043e\u0435 \u0432\u0440\u0435\u043c\u044f \u0434\u043b\u044f \u0447\u0442\u0435\u043d\u0438\u044f\" \/>\n\t<meta name=\"twitter:data1\" content=\"1 \u043c\u0438\u043d\u0443\u0442\u0430\" \/>\n<script type=\"application\/ld+json\" class=\"yoast-schema-graph\">{\"@context\":\"https:\/\/schema.org\",\"@graph\":[{\"@type\":\"WebPage\",\"@id\":\"https:\/\/abschleppdienst247.de\/abschleppdienst\/\",\"url\":\"https:\/\/abschleppdienst247.de\/abschleppdienst\/\",\"name\":\"Abschleppdienst &#8902; Abschleppdienst Berlin\",\"isPartOf\":{\"@id\":\"https:\/\/abschleppdienst247.de\/#website\"},\"datePublished\":\"2017-10-10T07:23:58+00:00\",\"dateModified\":\"2026-01-05T15:35:19+00:00\",\"breadcrumb\":{\"@id\":\"https:\/\/abschleppdienst247.de\/abschleppdienst\/#breadcrumb\"},\"inLanguage\":\"ru-RU\",\"potentialAction\":[{\"@type\":\"ReadAction\",\"target\":[\"https:\/\/abschleppdienst247.de\/abschleppdienst\/\"]}]},{\"@type\":\"BreadcrumbList\",\"@id\":\"https:\/\/abschleppdienst247.de\/abschleppdienst\/#breadcrumb\",\"itemListElement\":[{\"@type\":\"ListItem\",\"position\":1,\"name\":\"\u0413\u043b\u0430\u0432\u043d\u0430\u044f \u0441\u0442\u0440\u0430\u043d\u0438\u0446\u0430\",\"item\":\"https:\/\/abschleppdienst247.de\/\"},{\"@type\":\"ListItem\",\"position\":2,\"name\":\"Abschleppdienst\"}]},{\"@type\":\"WebSite\",\"@id\":\"https:\/\/abschleppdienst247.de\/#website\",\"url\":\"https:\/\/abschleppdienst247.de\/\",\"name\":\"Abschleppdienst Berlin\",\"description\":\"Abschleppdienst Berlin\",\"publisher\":{\"@id\":\"https:\/\/abschleppdienst247.de\/#organization\"},\"potentialAction\":[{\"@type\":\"SearchAction\",\"target\":{\"@type\":\"EntryPoint\",\"urlTemplate\":\"https:\/\/abschleppdienst247.de\/?s={search_term_string}\"},\"query-input\":{\"@type\":\"PropertyValueSpecification\",\"valueRequired\":true,\"valueName\":\"search_term_string\"}}],\"inLanguage\":\"ru-RU\"},{\"@type\":\"Organization\",\"@id\":\"https:\/\/abschleppdienst247.de\/#organization\",\"name\":\"SAVTRANS-EXPRESS\",\"url\":\"https:\/\/abschleppdienst247.de\/\",\"logo\":{\"@type\":\"ImageObject\",\"inLanguage\":\"ru-RU\",\"@id\":\"https:\/\/abschleppdienst247.de\/#\/schema\/logo\/image\/\",\"url\":\"https:\/\/abschleppdienst247.de\/wp-content\/uploads\/2026\/01\/Savtrans-logo-150x150-px.png\",\"contentUrl\":\"https:\/\/abschleppdienst247.de\/wp-content\/uploads\/2026\/01\/Savtrans-logo-150x150-px.png\",\"width\":150,\"height\":150,\"caption\":\"SAVTRANS-EXPRESS\"},\"image\":{\"@id\":\"https:\/\/abschleppdienst247.de\/#\/schema\/logo\/image\/\"}}]}<\/script>\n<!-- \/ Yoast SEO plugin. -->","yoast_head_json":{"title":"\u0421\u043b\u0443\u0436\u0431\u0430 \u044d\u0432\u0430\u043a\u0443\u0430\u0446\u0438\u0438 \u22c6 \u0421\u043b\u0443\u0436\u0431\u0430 \u044d\u0432\u0430\u043a\u0443\u0430\u0446\u0438\u0438 \u0411\u0435\u0440\u043b\u0438\u043d","robots":{"index":"index","follow":"follow","max-snippet":"max-snippet:-1","max-image-preview":"max-image-preview:large","max-video-preview":"max-video-preview:-1"},"canonical":"https:\/\/abschleppdienst247.de\/ru\/\u0443\u0441\u043b\u0443\u0433\u0430-\u0431\u0443\u043a\u0441\u0438\u0440\u043e\u0432\u043a\u0438\/","og_locale":"ru_RU","og_type":"article","og_title":"Abschleppdienst &#8902; Abschleppdienst Berlin","og_description":"Abschleppdienst \u2013 Autotransporte in Berlin. Wir holen Ihr Fahrzeug von jedem Standort ab und transportieren es zuverl\u00e4ssig zu seinem Bestimmungsort. Wie k\u00f6nnen Sie uns einen Transportauftrag \u00fcbermitteln?Rufen Sie uns einfach an und halten Sie bitte die Papiere Ihres Fahrzeuges bereit. Wir m\u00f6chten folgendes wissen: MarkeModelBaujahrGewichtgesamte L\u00e4ngeist das Auto fahrbereit oder nichtist das Auto rollbar?Standort und&hellip;&nbsp;\u041f\u043e\u0434\u0440\u043e\u0431\u043d\u0435\u0435 &raquo;Abschleppdienst","og_url":"https:\/\/abschleppdienst247.de\/ru\/\u0443\u0441\u043b\u0443\u0433\u0430-\u0431\u0443\u043a\u0441\u0438\u0440\u043e\u0432\u043a\u0438\/","og_site_name":"Abschleppdienst Berlin","article_modified_time":"2026-01-05T15:35:19+00:00","twitter_card":"summary_large_image","twitter_misc":{"\u041f\u0440\u0438\u043c\u0435\u0440\u043d\u043e\u0435 \u0432\u0440\u0435\u043c\u044f \u0434\u043b\u044f \u0447\u0442\u0435\u043d\u0438\u044f":"1 \u043c\u0438\u043d\u0443\u0442\u0430"},"schema":{"@context":"https:\/\/schema.org","@graph":[{"@type":"WebPage","@id":"https:\/\/abschleppdienst247.de\/abschleppdienst\/","url":"https:\/\/abschleppdienst247.de\/abschleppdienst\/","name":"\u0421\u043b\u0443\u0436\u0431\u0430 \u044d\u0432\u0430\u043a\u0443\u0430\u0446\u0438\u0438 \u22c6 \u0421\u043b\u0443\u0436\u0431\u0430 \u044d\u0432\u0430\u043a\u0443\u0430\u0446\u0438\u0438 \u0411\u0435\u0440\u043b\u0438\u043d","isPartOf":{"@id":"https:\/\/abschleppdienst247.de\/#website"},"datePublished":"2017-10-10T07:23:58+00:00","dateModified":"2026-01-05T15:35:19+00:00","breadcrumb":{"@id":"https:\/\/abschleppdienst247.de\/abschleppdienst\/#breadcrumb"},"inLanguage":"ru-RU","potentialAction":[{"@type":"ReadAction","target":["https:\/\/abschleppdienst247.de\/abschleppdienst\/"]}]},{"@type":"BreadcrumbList","@id":"https:\/\/abschleppdienst247.de\/abschleppdienst\/#breadcrumb","itemListElement":[{"@type":"ListItem","position":1,"name":"\u0413\u043b\u0430\u0432\u043d\u0430\u044f \u0441\u0442\u0440\u0430\u043d\u0438\u0446\u0430","item":"https:\/\/abschleppdienst247.de\/"},{"@type":"ListItem","position":2,"name":"Abschleppdienst"}]},{"@type":"WebSite","@id":"https:\/\/abschleppdienst247.de\/#website","url":"https:\/\/abschleppdienst247.de\/","name":"\u042d\u0432\u0430\u043a\u0443\u0430\u0442\u043e\u0440 \u0437\u0430\u043a\u0430\u0437\u0430\u0442\u044c \u0432 \u0411\u0435\u0440\u043b\u0438\u043d\u0435 - \u0431\u044b\u0441\u0442\u0440\u043e \u0438 \u043d\u0435\u0434\u043e\u0440\u043e\u0433\u043e","description":"\u042d\u0432\u0430\u043a\u0443\u0430\u0442\u043e\u0440 \u0437\u0430\u043a\u0430\u0437\u0430\u0442\u044c \u0432 \u0411\u0435\u0440\u043b\u0438\u043d\u0435 - \u0431\u044b\u0441\u0442\u0440\u043e \u0438 \u043d\u0435\u0434\u043e\u0440\u043e\u0433\u043e","publisher":{"@id":"https:\/\/abschleppdienst247.de\/#organization"},"potentialAction":[{"@type":"SearchAction","target":{"@type":"EntryPoint","urlTemplate":"https:\/\/abschleppdienst247.de\/?s={search_term_string}"},"query-input":{"@type":"PropertyValueSpecification","valueRequired":true,"valueName":"search_term_string"}}],"inLanguage":"ru-RU"},{"@type":"Organization","@id":"https:\/\/abschleppdienst247.de\/#organization","name":"\u0421\u0410\u0412\u0422\u0420\u0410\u041d\u0421-\u042d\u041a\u0421\u041f\u0420\u0415\u0421\u0421","url":"https:\/\/abschleppdienst247.de\/","logo":{"@type":"ImageObject","inLanguage":"ru-RU","@id":"https:\/\/abschleppdienst247.de\/#\/schema\/logo\/image\/","url":"https:\/\/abschleppdienst247.de\/wp-content\/uploads\/2026\/01\/Savtrans-logo-150x150-px.png","contentUrl":"https:\/\/abschleppdienst247.de\/wp-content\/uploads\/2026\/01\/Savtrans-logo-150x150-px.png","width":150,"height":150,"caption":"SAVTRANS-EXPRESS"},"image":{"@id":"https:\/\/abschleppdienst247.de\/#\/schema\/logo\/image\/"}}]}},"brizy_media":[],"_links":{"self":[{"href":"https:\/\/abschleppdienst247.de\/ru\/wp-json\/wp\/v2\/pages\/48","targetHints":{"allow":["GET"]}}],"collection":[{"href":"https:\/\/abschleppdienst247.de\/ru\/wp-json\/wp\/v2\/pages"}],"about":[{"href":"https:\/\/abschleppdienst247.de\/ru\/wp-json\/wp\/v2\/types\/page"}],"author":[{"embeddable":true,"href":"https:\/\/abschleppdienst247.de\/ru\/wp-json\/wp\/v2\/users\/1"}],"replies":[{"embeddable":true,"href":"https:\/\/abschleppdienst247.de\/ru\/wp-json\/wp\/v2\/comments?post=48"}],"version-history":[{"count":100,"href":"https:\/\/abschleppdienst247.de\/ru\/wp-json\/wp\/v2\/pages\/48\/revisions"}],"predecessor-version":[{"id":1221,"href":"https:\/\/abschleppdienst247.de\/ru\/wp-json\/wp\/v2\/pages\/48\/revisions\/1221"}],"wp:attachment":[{"href":"https:\/\/abschleppdienst247.de\/ru\/wp-json\/wp\/v2\/media?parent=48"}],"curies":[{"name":"wp","href":"https:\/\/api.w.org\/{rel}","templated":true}]}}