{"id":46,"date":"2017-10-10T07:23:30","date_gmt":"2017-10-10T07:23:30","guid":{"rendered":"http:\/\/abschleppdienst247.de\/?page_id=46"},"modified":"2018-03-26T20:39:13","modified_gmt":"2018-03-26T20:39:13","slug":"pannenhilfe","status":"publish","type":"page","link":"https:\/\/abschleppdienst247.de\/ru\/pannenhilfe\/","title":{"rendered":"\u041f\u043e\u043c\u043e\u0449\u044c \u043d\u0430 \u0434\u043e\u0440\u043e\u0433\u0430\u0445"},"content":{"rendered":"<p>\u041f\u043e\u043c\u043e\u0449\u044c \u043f\u0440\u0438 \u043f\u043e\u043b\u043e\u043c\u043a\u0430\u0445 \u0438 \u0430\u0432\u0430\u0440\u0438\u044f\u0445 \u0431\u044b\u0441\u0442\u0440\u043e \u043f\u0440\u0438\u0434\u0435\u0442 \u043d\u0430 \u043f\u043e\u043c\u043e\u0449\u044c! \u041a\u0430\u0436\u0434\u044b\u0439 \u0432\u043e\u0434\u0438\u0442\u0435\u043b\u044c \u0445\u043e\u0447\u0435\u0442, \u0447\u0442\u043e\u0431\u044b \u043f\u043e\u0435\u0437\u0434\u043a\u0430 \u0431\u044b\u043b\u0430 \u0431\u0435\u0437\u043e\u043f\u0430\u0441\u043d\u043e\u0439. \u041a \u0441\u043e\u0436\u0430\u043b\u0435\u043d\u0438\u044e, \u0430\u0432\u0430\u0440\u0438\u0439\u043d\u044b\u0435 \u0441\u0438\u0442\u0443\u0430\u0446\u0438\u0438 \u043d\u0430 \u0434\u043e\u0440\u043e\u0433\u0430\u0445 \u043d\u0435\u043f\u0440\u0435\u0434\u0441\u043a\u0430\u0437\u0443\u0435\u043c\u044b \u0438 \u0432\u043e\u0437\u043d\u0438\u043a\u0430\u044e\u0442 \u0431\u0435\u0437 \u043f\u0440\u0435\u0434\u0443\u043f\u0440\u0435\u0436\u0434\u0435\u043d\u0438\u044f. \u041b\u043e\u043f\u043d\u0443\u0432\u0448\u0430\u044f \u0448\u0438\u043d\u0430 \u0438\u043b\u0438 \u0441\u043b\u043e\u043c\u0430\u0432\u0448\u0438\u0439\u0441\u044f \u0430\u0432\u0442\u043e\u043c\u043e\u0431\u0438\u043b\u044c - \u043f\u043e\u0432\u0441\u0435\u0434\u043d\u0435\u0432\u043d\u044b\u0435 \u043f\u0440\u043e\u0438\u0441\u0448\u0435\u0441\u0442\u0432\u0438\u044f \u043d\u0430 \u043d\u0430\u0448\u0438\u0445 \u0434\u043e\u0440\u043e\u0433\u0430\u0445. \u0415\u0441\u043b\u0438 \u0432\u044b \u0442\u043e\u0436\u0435 \u0441\u0442\u043e\u043b\u043a\u043d\u0443\u043b\u0438\u0441\u044c \u0441 \u0442\u0430\u043a\u043e\u0439 \u043f\u043e\u043b\u043e\u043c\u043a\u043e\u0439, \u043f\u043e\u0437\u0432\u043e\u043d\u0438\u0442\u0435 \u043d\u0430\u043c. \u041c\u044b \u043e\u043a\u0430\u0436\u0435\u043c \u0431\u044b\u0441\u0442\u0440\u0443\u044e \u043f\u043e\u043c\u043e\u0449\u044c \u043f\u0440\u0438 \u0430\u0432\u0430\u0440\u0438\u044f\u0445 \u0438 \u043f\u043e\u043b\u043e\u043c\u043a\u0430\u0445 \u0438 \u0434\u043e\u0441\u0442\u0430\u0432\u0438\u043c \u0432\u0430\u0448 \u043f\u043e\u0432\u0440\u0435\u0436\u0434\u0435\u043d\u043d\u044b\u0439 \u0430\u0432\u0442\u043e\u043c\u043e\u0431\u0438\u043b\u044c \u0432 \u0431\u043b\u0438\u0436\u0430\u0439\u0448\u0438\u0439 \u0433\u0430\u0440\u0430\u0436, \u0441\u043f\u0435\u0446\u0438\u0430\u043b\u0438\u0437\u0438\u0440\u043e\u0432\u0430\u043d\u043d\u044b\u0439 \u0441\u0435\u0440\u0432\u0438\u0441\u043d\u044b\u0439 \u0446\u0435\u043d\u0442\u0440 \u0438\u043b\u0438 \u043a \u0432\u0430\u043c \u0434\u043e\u043c\u043e\u0439 - \u0432 \u0437\u0430\u0432\u0438\u0441\u0438\u043c\u043e\u0441\u0442\u0438 \u043e\u0442 \u0442\u043e\u0433\u043e, \u0447\u0442\u043e \u0432\u044b \u043f\u0440\u0435\u0434\u043f\u043e\u0447\u0442\u0435\u0442\u0435.<\/p>\n<p>\u041f\u043e\u0437\u0432\u043e\u043d\u0438\u0442\u0435 \u043d\u0430\u043c \u043f\u043e \u0442\u0435\u043b\u0435\u0444\u043e\u043d\u0443 +49 179 5482798.<\/p>\n<p><!-- 11196d87d8b558b5afbedd34f8e602ad --><\/p>","protected":false},"excerpt":{"rendered":"<p>Die Pannen- und Unfallhilfe ist schnell f\u00fcr Sie da!Jeder Fahrer w\u00fcnscht sich eine sichere Fahrt. Notf\u00e4lle im Stra\u00dfenverkehr sind aber leider unberechenbar und kommen ohne Vorwarnung. Ein geplatzter Reifen oder ein liegengebliebenes Auto geh\u00f6ren zu den allt\u00e4glichen Zwischenf\u00e4llen auf unseren Stra\u00dfen. Falls auch Ihnen eine solche Panne widerfahren ist, rufen Sie uns an. Wir leisten&hellip;&nbsp;<a href=\"https:\/\/abschleppdienst247.de\/ru\/pannenhilfe\/\" rel=\"bookmark\">\u041f\u043e\u0434\u0440\u043e\u0431\u043d\u0435\u0435 \u00bb<span class=\"screen-reader-text\">\u041f\u043e\u043c\u043e\u0449\u044c \u043d\u0430 \u0434\u043e\u0440\u043e\u0433\u0430\u0445<\/span><\/a><\/p>","protected":false},"author":1,"featured_media":0,"parent":0,"menu_order":0,"comment_status":"closed","ping_status":"closed","template":"","meta":{"neve_meta_sidebar":"","neve_meta_container":"","neve_meta_enable_content_width":"","neve_meta_content_width":0,"neve_meta_title_alignment":"","neve_meta_author_avatar":"","neve_post_elements_order":"","neve_meta_disable_header":"","neve_meta_disable_footer":"","neve_meta_disable_title":"","_themeisle_gutenberg_block_has_review":false,"footnotes":""},"class_list":["post-46","page","type-page","status-publish","hentry"],"yoast_head":"<!-- This site is optimized with the Yoast SEO plugin v27.1.1 - https:\/\/yoast.com\/product\/yoast-seo-wordpress\/ -->\n<title>Pannenhilfe &#8902; Abschleppdienst Berlin<\/title>\n<meta name=\"robots\" content=\"index, follow, max-snippet:-1, max-image-preview:large, max-video-preview:-1\" \/>\n<link rel=\"canonical\" href=\"https:\/\/abschleppdienst247.de\/ru\/pannenhilfe\/\" \/>\n<meta property=\"og:locale\" content=\"ru_RU\" \/>\n<meta property=\"og:type\" content=\"article\" \/>\n<meta property=\"og:title\" content=\"Pannenhilfe &#8902; Abschleppdienst Berlin\" \/>\n<meta property=\"og:description\" content=\"Die Pannen- und Unfallhilfe ist schnell f\u00fcr Sie da!Jeder Fahrer w\u00fcnscht sich eine sichere Fahrt. Notf\u00e4lle im Stra\u00dfenverkehr sind aber leider unberechenbar und kommen ohne Vorwarnung. Ein geplatzter Reifen oder ein liegengebliebenes Auto geh\u00f6ren zu den allt\u00e4glichen Zwischenf\u00e4llen auf unseren Stra\u00dfen. Falls auch Ihnen eine solche Panne widerfahren ist, rufen Sie uns an. Wir leisten&hellip;&nbsp;\u041f\u043e\u0434\u0440\u043e\u0431\u043d\u0435\u0435 &raquo;Pannenhilfe\" \/>\n<meta property=\"og:url\" content=\"https:\/\/abschleppdienst247.de\/ru\/pannenhilfe\/\" \/>\n<meta property=\"og:site_name\" content=\"Abschleppdienst Berlin\" \/>\n<meta property=\"article:modified_time\" content=\"2018-03-26T20:39:13+00:00\" \/>\n<meta name=\"twitter:card\" content=\"summary_large_image\" \/>\n<script type=\"application\/ld+json\" class=\"yoast-schema-graph\">{\"@context\":\"https:\/\/schema.org\",\"@graph\":[{\"@type\":\"WebPage\",\"@id\":\"https:\/\/abschleppdienst247.de\/pannenhilfe\/\",\"url\":\"https:\/\/abschleppdienst247.de\/pannenhilfe\/\",\"name\":\"Pannenhilfe &#8902; Abschleppdienst Berlin\",\"isPartOf\":{\"@id\":\"https:\/\/abschleppdienst247.de\/#website\"},\"datePublished\":\"2017-10-10T07:23:30+00:00\",\"dateModified\":\"2018-03-26T20:39:13+00:00\",\"breadcrumb\":{\"@id\":\"https:\/\/abschleppdienst247.de\/pannenhilfe\/#breadcrumb\"},\"inLanguage\":\"ru-RU\",\"potentialAction\":[{\"@type\":\"ReadAction\",\"target\":[\"https:\/\/abschleppdienst247.de\/pannenhilfe\/\"]}]},{\"@type\":\"BreadcrumbList\",\"@id\":\"https:\/\/abschleppdienst247.de\/pannenhilfe\/#breadcrumb\",\"itemListElement\":[{\"@type\":\"ListItem\",\"position\":1,\"name\":\"\u0413\u043b\u0430\u0432\u043d\u0430\u044f \u0441\u0442\u0440\u0430\u043d\u0438\u0446\u0430\",\"item\":\"https:\/\/abschleppdienst247.de\/\"},{\"@type\":\"ListItem\",\"position\":2,\"name\":\"Pannenhilfe\"}]},{\"@type\":\"WebSite\",\"@id\":\"https:\/\/abschleppdienst247.de\/#website\",\"url\":\"https:\/\/abschleppdienst247.de\/\",\"name\":\"Abschleppdienst Berlin\",\"description\":\"Abschleppdienst Berlin\",\"publisher\":{\"@id\":\"https:\/\/abschleppdienst247.de\/#organization\"},\"potentialAction\":[{\"@type\":\"SearchAction\",\"target\":{\"@type\":\"EntryPoint\",\"urlTemplate\":\"https:\/\/abschleppdienst247.de\/?s={search_term_string}\"},\"query-input\":{\"@type\":\"PropertyValueSpecification\",\"valueRequired\":true,\"valueName\":\"search_term_string\"}}],\"inLanguage\":\"ru-RU\"},{\"@type\":\"Organization\",\"@id\":\"https:\/\/abschleppdienst247.de\/#organization\",\"name\":\"SAVTRANS-EXPRESS\",\"url\":\"https:\/\/abschleppdienst247.de\/\",\"logo\":{\"@type\":\"ImageObject\",\"inLanguage\":\"ru-RU\",\"@id\":\"https:\/\/abschleppdienst247.de\/#\/schema\/logo\/image\/\",\"url\":\"https:\/\/abschleppdienst247.de\/wp-content\/uploads\/2026\/01\/Savtrans-logo-150x150-px.png\",\"contentUrl\":\"https:\/\/abschleppdienst247.de\/wp-content\/uploads\/2026\/01\/Savtrans-logo-150x150-px.png\",\"width\":150,\"height\":150,\"caption\":\"SAVTRANS-EXPRESS\"},\"image\":{\"@id\":\"https:\/\/abschleppdienst247.de\/#\/schema\/logo\/image\/\"}}]}<\/script>\n<!-- \/ Yoast SEO plugin. -->","yoast_head_json":{"title":"\u041f\u043e\u043c\u043e\u0449\u044c \u043d\u0430 \u0434\u043e\u0440\u043e\u0433\u0430\u0445 \u22c6 \u0423\u0441\u043b\u0443\u0433\u0438 \u044d\u0432\u0430\u043a\u0443\u0430\u0442\u043e\u0440\u0430 \u0432 \u0411\u0435\u0440\u043b\u0438\u043d\u0435","robots":{"index":"index","follow":"follow","max-snippet":"max-snippet:-1","max-image-preview":"max-image-preview:large","max-video-preview":"max-video-preview:-1"},"canonical":"https:\/\/abschleppdienst247.de\/ru\/pannenhilfe\/","og_locale":"ru_RU","og_type":"article","og_title":"Pannenhilfe &#8902; Abschleppdienst Berlin","og_description":"Die Pannen- und Unfallhilfe ist schnell f\u00fcr Sie da!Jeder Fahrer w\u00fcnscht sich eine sichere Fahrt. Notf\u00e4lle im Stra\u00dfenverkehr sind aber leider unberechenbar und kommen ohne Vorwarnung. Ein geplatzter Reifen oder ein liegengebliebenes Auto geh\u00f6ren zu den allt\u00e4glichen Zwischenf\u00e4llen auf unseren Stra\u00dfen. Falls auch Ihnen eine solche Panne widerfahren ist, rufen Sie uns an. Wir leisten&hellip;&nbsp;\u041f\u043e\u0434\u0440\u043e\u0431\u043d\u0435\u0435 &raquo;Pannenhilfe","og_url":"https:\/\/abschleppdienst247.de\/ru\/pannenhilfe\/","og_site_name":"Abschleppdienst Berlin","article_modified_time":"2018-03-26T20:39:13+00:00","twitter_card":"summary_large_image","schema":{"@context":"https:\/\/schema.org","@graph":[{"@type":"WebPage","@id":"https:\/\/abschleppdienst247.de\/pannenhilfe\/","url":"https:\/\/abschleppdienst247.de\/pannenhilfe\/","name":"\u041f\u043e\u043c\u043e\u0449\u044c \u043d\u0430 \u0434\u043e\u0440\u043e\u0433\u0430\u0445 \u22c6 \u0423\u0441\u043b\u0443\u0433\u0438 \u044d\u0432\u0430\u043a\u0443\u0430\u0442\u043e\u0440\u0430 \u0432 \u0411\u0435\u0440\u043b\u0438\u043d\u0435","isPartOf":{"@id":"https:\/\/abschleppdienst247.de\/#website"},"datePublished":"2017-10-10T07:23:30+00:00","dateModified":"2018-03-26T20:39:13+00:00","breadcrumb":{"@id":"https:\/\/abschleppdienst247.de\/pannenhilfe\/#breadcrumb"},"inLanguage":"ru-RU","potentialAction":[{"@type":"ReadAction","target":["https:\/\/abschleppdienst247.de\/pannenhilfe\/"]}]},{"@type":"BreadcrumbList","@id":"https:\/\/abschleppdienst247.de\/pannenhilfe\/#breadcrumb","itemListElement":[{"@type":"ListItem","position":1,"name":"\u0413\u043b\u0430\u0432\u043d\u0430\u044f \u0441\u0442\u0440\u0430\u043d\u0438\u0446\u0430","item":"https:\/\/abschleppdienst247.de\/"},{"@type":"ListItem","position":2,"name":"Pannenhilfe"}]},{"@type":"WebSite","@id":"https:\/\/abschleppdienst247.de\/#website","url":"https:\/\/abschleppdienst247.de\/","name":"\u042d\u0432\u0430\u043a\u0443\u0430\u0442\u043e\u0440 \u0437\u0430\u043a\u0430\u0437\u0430\u0442\u044c \u0432 \u0411\u0435\u0440\u043b\u0438\u043d\u0435 - \u0431\u044b\u0441\u0442\u0440\u043e \u0438 \u043d\u0435\u0434\u043e\u0440\u043e\u0433\u043e","description":"\u042d\u0432\u0430\u043a\u0443\u0430\u0442\u043e\u0440 \u0437\u0430\u043a\u0430\u0437\u0430\u0442\u044c \u0432 \u0411\u0435\u0440\u043b\u0438\u043d\u0435 - \u0431\u044b\u0441\u0442\u0440\u043e \u0438 \u043d\u0435\u0434\u043e\u0440\u043e\u0433\u043e","publisher":{"@id":"https:\/\/abschleppdienst247.de\/#organization"},"potentialAction":[{"@type":"SearchAction","target":{"@type":"EntryPoint","urlTemplate":"https:\/\/abschleppdienst247.de\/?s={search_term_string}"},"query-input":{"@type":"PropertyValueSpecification","valueRequired":true,"valueName":"search_term_string"}}],"inLanguage":"ru-RU"},{"@type":"Organization","@id":"https:\/\/abschleppdienst247.de\/#organization","name":"\u0421\u0410\u0412\u0422\u0420\u0410\u041d\u0421-\u042d\u041a\u0421\u041f\u0420\u0415\u0421\u0421","url":"https:\/\/abschleppdienst247.de\/","logo":{"@type":"ImageObject","inLanguage":"ru-RU","@id":"https:\/\/abschleppdienst247.de\/#\/schema\/logo\/image\/","url":"https:\/\/abschleppdienst247.de\/wp-content\/uploads\/2026\/01\/Savtrans-logo-150x150-px.png","contentUrl":"https:\/\/abschleppdienst247.de\/wp-content\/uploads\/2026\/01\/Savtrans-logo-150x150-px.png","width":150,"height":150,"caption":"SAVTRANS-EXPRESS"},"image":{"@id":"https:\/\/abschleppdienst247.de\/#\/schema\/logo\/image\/"}}]}},"brizy_media":[],"_links":{"self":[{"href":"https:\/\/abschleppdienst247.de\/ru\/wp-json\/wp\/v2\/pages\/46","targetHints":{"allow":["GET"]}}],"collection":[{"href":"https:\/\/abschleppdienst247.de\/ru\/wp-json\/wp\/v2\/pages"}],"about":[{"href":"https:\/\/abschleppdienst247.de\/ru\/wp-json\/wp\/v2\/types\/page"}],"author":[{"embeddable":true,"href":"https:\/\/abschleppdienst247.de\/ru\/wp-json\/wp\/v2\/users\/1"}],"replies":[{"embeddable":true,"href":"https:\/\/abschleppdienst247.de\/ru\/wp-json\/wp\/v2\/comments?post=46"}],"version-history":[{"count":34,"href":"https:\/\/abschleppdienst247.de\/ru\/wp-json\/wp\/v2\/pages\/46\/revisions"}],"predecessor-version":[{"id":736,"href":"https:\/\/abschleppdienst247.de\/ru\/wp-json\/wp\/v2\/pages\/46\/revisions\/736"}],"wp:attachment":[{"href":"https:\/\/abschleppdienst247.de\/ru\/wp-json\/wp\/v2\/media?parent=46"}],"curies":[{"name":"wp","href":"https:\/\/api.w.org\/{rel}","templated":true}]}}