{"id":55,"date":"2017-10-10T07:25:28","date_gmt":"2017-10-10T07:25:28","guid":{"rendered":"http:\/\/abschleppdienst247.de\/?page_id=55"},"modified":"2020-02-19T10:51:37","modified_gmt":"2020-02-19T10:51:37","slug":"prices","status":"publish","type":"page","link":"https:\/\/abschleppdienst247.de\/en\/preise\/","title":{"rendered":"Prices"},"content":{"rendered":"<p>Prices for car transportation - towing service in Berlin<\/p>\n<p>Our prices are based on various criteria such as distance, vehicle type, urgency and time of day. The main factor in pricing is the distance between the pick-up location and the destination. A transport within Berlin is naturally cheaper than a transport order from Berlin to Munich, for example.<\/p>\n<p>You are welcome to take a look at our price list(Link) to get an overview of the prices for the various types of transportation and criteria.<\/p>\n<p>Of course, we are also happy to advise you personally on the phone: <a href=\"tel:+49 17621039219\">\u2706 +49 17621039219<\/a> or via short message service.<\/p>\n<p><!-- 959d9aa646bb85175004942f66997822 --><\/p>","protected":false},"excerpt":{"rendered":"<p>Preise f\u00fcr Autotransporte \u2013 Abschleppdienst in Berlin Unsere Preise setzen sich aus unterschiedlichen Kriterien, wie Distanz, Fahrzeugart, Dringlichkeit und Uhrzeit der Durchf\u00fchrung zusammen. Den Hauptfaktor bei der Preisbildung macht die Distanz zwischen Abholort und Bestimmungsziel aus. Ein Transport innerhalb Berlins ist nat\u00fcrlich g\u00fcnstiger, als ein Transport-Auftrag beispielsweise von Berlin nach M\u00fcnchen. Gern k\u00f6nnen Sie sich&hellip;&nbsp;<a href=\"https:\/\/abschleppdienst247.de\/en\/preise\/\" rel=\"bookmark\">Read More \u00bb<span class=\"screen-reader-text\">Prices<\/span><\/a><\/p>","protected":false},"author":1,"featured_media":0,"parent":0,"menu_order":0,"comment_status":"closed","ping_status":"closed","template":"","meta":{"neve_meta_sidebar":"","neve_meta_container":"","neve_meta_enable_content_width":"","neve_meta_content_width":70,"neve_meta_title_alignment":"","neve_meta_author_avatar":"","neve_post_elements_order":"","neve_meta_disable_header":"","neve_meta_disable_footer":"","neve_meta_disable_title":"","_themeisle_gutenberg_block_has_review":false,"footnotes":""},"class_list":["post-55","page","type-page","status-publish","hentry"],"yoast_head":"<!-- This site is optimized with the Yoast SEO plugin v27.1.1 - https:\/\/yoast.com\/product\/yoast-seo-wordpress\/ -->\n<title>Preise &#8902; Abschleppdienst Berlin<\/title>\n<meta name=\"robots\" content=\"index, follow, max-snippet:-1, max-image-preview:large, max-video-preview:-1\" \/>\n<link rel=\"canonical\" href=\"https:\/\/abschleppdienst247.de\/en\/prices\/\" \/>\n<meta property=\"og:locale\" content=\"en_US\" \/>\n<meta property=\"og:type\" content=\"article\" \/>\n<meta property=\"og:title\" content=\"Preise &#8902; Abschleppdienst Berlin\" \/>\n<meta property=\"og:description\" content=\"Preise f\u00fcr Autotransporte \u2013 Abschleppdienst in Berlin Unsere Preise setzen sich aus unterschiedlichen Kriterien, wie Distanz, Fahrzeugart, Dringlichkeit und Uhrzeit der Durchf\u00fchrung zusammen. Den Hauptfaktor bei der Preisbildung macht die Distanz zwischen Abholort und Bestimmungsziel aus. Ein Transport innerhalb Berlins ist nat\u00fcrlich g\u00fcnstiger, als ein Transport-Auftrag beispielsweise von Berlin nach M\u00fcnchen. Gern k\u00f6nnen Sie sich&hellip;&nbsp;Read More &raquo;Preise\" \/>\n<meta property=\"og:url\" content=\"https:\/\/abschleppdienst247.de\/en\/prices\/\" \/>\n<meta property=\"og:site_name\" content=\"Abschleppdienst Berlin\" \/>\n<meta property=\"article:modified_time\" content=\"2020-02-19T10:51:37+00:00\" \/>\n<meta name=\"twitter:card\" content=\"summary_large_image\" \/>\n<script type=\"application\/ld+json\" class=\"yoast-schema-graph\">{\"@context\":\"https:\/\/schema.org\",\"@graph\":[{\"@type\":\"WebPage\",\"@id\":\"https:\/\/abschleppdienst247.de\/preise\/\",\"url\":\"https:\/\/abschleppdienst247.de\/preise\/\",\"name\":\"Preise &#8902; Abschleppdienst Berlin\",\"isPartOf\":{\"@id\":\"https:\/\/abschleppdienst247.de\/#website\"},\"datePublished\":\"2017-10-10T07:25:28+00:00\",\"dateModified\":\"2020-02-19T10:51:37+00:00\",\"breadcrumb\":{\"@id\":\"https:\/\/abschleppdienst247.de\/preise\/#breadcrumb\"},\"inLanguage\":\"en-US\",\"potentialAction\":[{\"@type\":\"ReadAction\",\"target\":[\"https:\/\/abschleppdienst247.de\/preise\/\"]}]},{\"@type\":\"BreadcrumbList\",\"@id\":\"https:\/\/abschleppdienst247.de\/preise\/#breadcrumb\",\"itemListElement\":[{\"@type\":\"ListItem\",\"position\":1,\"name\":\"\u0413\u043b\u0430\u0432\u043d\u0430\u044f \u0441\u0442\u0440\u0430\u043d\u0438\u0446\u0430\",\"item\":\"https:\/\/abschleppdienst247.de\/\"},{\"@type\":\"ListItem\",\"position\":2,\"name\":\"Preise\"}]},{\"@type\":\"WebSite\",\"@id\":\"https:\/\/abschleppdienst247.de\/#website\",\"url\":\"https:\/\/abschleppdienst247.de\/\",\"name\":\"Abschleppdienst Berlin\",\"description\":\"Abschleppdienst Berlin\",\"publisher\":{\"@id\":\"https:\/\/abschleppdienst247.de\/#organization\"},\"potentialAction\":[{\"@type\":\"SearchAction\",\"target\":{\"@type\":\"EntryPoint\",\"urlTemplate\":\"https:\/\/abschleppdienst247.de\/?s={search_term_string}\"},\"query-input\":{\"@type\":\"PropertyValueSpecification\",\"valueRequired\":true,\"valueName\":\"search_term_string\"}}],\"inLanguage\":\"en-US\"},{\"@type\":\"Organization\",\"@id\":\"https:\/\/abschleppdienst247.de\/#organization\",\"name\":\"SAVTRANS-EXPRESS\",\"url\":\"https:\/\/abschleppdienst247.de\/\",\"logo\":{\"@type\":\"ImageObject\",\"inLanguage\":\"en-US\",\"@id\":\"https:\/\/abschleppdienst247.de\/#\/schema\/logo\/image\/\",\"url\":\"https:\/\/abschleppdienst247.de\/wp-content\/uploads\/2026\/01\/Savtrans-logo-150x150-px.png\",\"contentUrl\":\"https:\/\/abschleppdienst247.de\/wp-content\/uploads\/2026\/01\/Savtrans-logo-150x150-px.png\",\"width\":150,\"height\":150,\"caption\":\"SAVTRANS-EXPRESS\"},\"image\":{\"@id\":\"https:\/\/abschleppdienst247.de\/#\/schema\/logo\/image\/\"}}]}<\/script>\n<!-- \/ Yoast SEO plugin. -->","yoast_head_json":{"title":"Prices \u22c6 Towing service Berlin","robots":{"index":"index","follow":"follow","max-snippet":"max-snippet:-1","max-image-preview":"max-image-preview:large","max-video-preview":"max-video-preview:-1"},"canonical":"https:\/\/abschleppdienst247.de\/en\/prices\/","og_locale":"en_US","og_type":"article","og_title":"Preise &#8902; Abschleppdienst Berlin","og_description":"Preise f\u00fcr Autotransporte \u2013 Abschleppdienst in Berlin Unsere Preise setzen sich aus unterschiedlichen Kriterien, wie Distanz, Fahrzeugart, Dringlichkeit und Uhrzeit der Durchf\u00fchrung zusammen. Den Hauptfaktor bei der Preisbildung macht die Distanz zwischen Abholort und Bestimmungsziel aus. Ein Transport innerhalb Berlins ist nat\u00fcrlich g\u00fcnstiger, als ein Transport-Auftrag beispielsweise von Berlin nach M\u00fcnchen. Gern k\u00f6nnen Sie sich&hellip;&nbsp;Read More &raquo;Preise","og_url":"https:\/\/abschleppdienst247.de\/en\/prices\/","og_site_name":"Abschleppdienst Berlin","article_modified_time":"2020-02-19T10:51:37+00:00","twitter_card":"summary_large_image","schema":{"@context":"https:\/\/schema.org","@graph":[{"@type":"WebPage","@id":"https:\/\/abschleppdienst247.de\/preise\/","url":"https:\/\/abschleppdienst247.de\/preise\/","name":"Prices \u22c6 Towing service Berlin","isPartOf":{"@id":"https:\/\/abschleppdienst247.de\/#website"},"datePublished":"2017-10-10T07:25:28+00:00","dateModified":"2020-02-19T10:51:37+00:00","breadcrumb":{"@id":"https:\/\/abschleppdienst247.de\/preise\/#breadcrumb"},"inLanguage":"en-US","potentialAction":[{"@type":"ReadAction","target":["https:\/\/abschleppdienst247.de\/preise\/"]}]},{"@type":"BreadcrumbList","@id":"https:\/\/abschleppdienst247.de\/preise\/#breadcrumb","itemListElement":[{"@type":"ListItem","position":1,"name":"\u0413\u043b\u0430\u0432\u043d\u0430\u044f \u0441\u0442\u0440\u0430\u043d\u0438\u0446\u0430","item":"https:\/\/abschleppdienst247.de\/"},{"@type":"ListItem","position":2,"name":"Preise"}]},{"@type":"WebSite","@id":"https:\/\/abschleppdienst247.de\/#website","url":"https:\/\/abschleppdienst247.de\/","name":"Towing service Berlin","description":"Towing service Berlin","publisher":{"@id":"https:\/\/abschleppdienst247.de\/#organization"},"potentialAction":[{"@type":"SearchAction","target":{"@type":"EntryPoint","urlTemplate":"https:\/\/abschleppdienst247.de\/?s={search_term_string}"},"query-input":{"@type":"PropertyValueSpecification","valueRequired":true,"valueName":"search_term_string"}}],"inLanguage":"en-US"},{"@type":"Organization","@id":"https:\/\/abschleppdienst247.de\/#organization","name":"SAVTRANS-EXPRESS","url":"https:\/\/abschleppdienst247.de\/","logo":{"@type":"ImageObject","inLanguage":"en-US","@id":"https:\/\/abschleppdienst247.de\/#\/schema\/logo\/image\/","url":"https:\/\/abschleppdienst247.de\/wp-content\/uploads\/2026\/01\/Savtrans-logo-150x150-px.png","contentUrl":"https:\/\/abschleppdienst247.de\/wp-content\/uploads\/2026\/01\/Savtrans-logo-150x150-px.png","width":150,"height":150,"caption":"SAVTRANS-EXPRESS"},"image":{"@id":"https:\/\/abschleppdienst247.de\/#\/schema\/logo\/image\/"}}]}},"brizy_media":[],"_links":{"self":[{"href":"https:\/\/abschleppdienst247.de\/en\/wp-json\/wp\/v2\/pages\/55","targetHints":{"allow":["GET"]}}],"collection":[{"href":"https:\/\/abschleppdienst247.de\/en\/wp-json\/wp\/v2\/pages"}],"about":[{"href":"https:\/\/abschleppdienst247.de\/en\/wp-json\/wp\/v2\/types\/page"}],"author":[{"embeddable":true,"href":"https:\/\/abschleppdienst247.de\/en\/wp-json\/wp\/v2\/users\/1"}],"replies":[{"embeddable":true,"href":"https:\/\/abschleppdienst247.de\/en\/wp-json\/wp\/v2\/comments?post=55"}],"version-history":[{"count":17,"href":"https:\/\/abschleppdienst247.de\/en\/wp-json\/wp\/v2\/pages\/55\/revisions"}],"predecessor-version":[{"id":1093,"href":"https:\/\/abschleppdienst247.de\/en\/wp-json\/wp\/v2\/pages\/55\/revisions\/1093"}],"wp:attachment":[{"href":"https:\/\/abschleppdienst247.de\/en\/wp-json\/wp\/v2\/media?parent=55"}],"curies":[{"name":"wp","href":"https:\/\/api.w.org\/{rel}","templated":true}]}}