{"id":46,"date":"2017-10-10T07:23:30","date_gmt":"2017-10-10T07:23:30","guid":{"rendered":"http:\/\/abschleppdienst247.de\/?page_id=46"},"modified":"2018-03-26T20:39:13","modified_gmt":"2018-03-26T20:39:13","slug":"pannenhilfe","status":"publish","type":"page","link":"https:\/\/abschleppdienst247.de\/en\/pannenhilfe\/","title":{"rendered":"Roadside assistance"},"content":{"rendered":"<p>Breakdown and accident assistance is there for you quickly! Every driver wants a safe journey. Unfortunately, emergencies on the road are unpredictable and come without warning. A burst tire or a broken-down car are everyday incidents on our roads. If you have also experienced such a breakdown, give us a call. We provide rapid accident and breakdown assistance and take your damaged vehicle to the nearest garage, a specialist service or to your home - whatever you prefer.<\/p>\n<p>Call us on +49 179 5482798.<\/p>\n<p><!-- 11196d87d8b558b5afbedd34f8e602ad --><\/p>","protected":false},"excerpt":{"rendered":"<p>Die Pannen- und Unfallhilfe ist schnell f\u00fcr Sie da!Jeder Fahrer w\u00fcnscht sich eine sichere Fahrt. Notf\u00e4lle im Stra\u00dfenverkehr sind aber leider unberechenbar und kommen ohne Vorwarnung. Ein geplatzter Reifen oder ein liegengebliebenes Auto geh\u00f6ren zu den allt\u00e4glichen Zwischenf\u00e4llen auf unseren Stra\u00dfen. Falls auch Ihnen eine solche Panne widerfahren ist, rufen Sie uns an. Wir leisten&hellip;&nbsp;<a href=\"https:\/\/abschleppdienst247.de\/en\/pannenhilfe\/\" rel=\"bookmark\">Read More \u00bb<span class=\"screen-reader-text\">Roadside assistance<\/span><\/a><\/p>","protected":false},"author":1,"featured_media":0,"parent":0,"menu_order":0,"comment_status":"closed","ping_status":"closed","template":"","meta":{"neve_meta_sidebar":"","neve_meta_container":"","neve_meta_enable_content_width":"","neve_meta_content_width":0,"neve_meta_title_alignment":"","neve_meta_author_avatar":"","neve_post_elements_order":"","neve_meta_disable_header":"","neve_meta_disable_footer":"","neve_meta_disable_title":"","_themeisle_gutenberg_block_has_review":false,"footnotes":""},"class_list":["post-46","page","type-page","status-publish","hentry"],"yoast_head":"<!-- This site is optimized with the Yoast SEO plugin v27.1.1 - https:\/\/yoast.com\/product\/yoast-seo-wordpress\/ -->\n<title>Pannenhilfe &#8902; Abschleppdienst Berlin<\/title>\n<meta name=\"robots\" content=\"index, follow, max-snippet:-1, max-image-preview:large, max-video-preview:-1\" \/>\n<link rel=\"canonical\" href=\"https:\/\/abschleppdienst247.de\/en\/pannenhilfe\/\" \/>\n<meta property=\"og:locale\" content=\"en_US\" \/>\n<meta property=\"og:type\" content=\"article\" \/>\n<meta property=\"og:title\" content=\"Pannenhilfe &#8902; Abschleppdienst Berlin\" \/>\n<meta property=\"og:description\" content=\"Die Pannen- und Unfallhilfe ist schnell f\u00fcr Sie da!Jeder Fahrer w\u00fcnscht sich eine sichere Fahrt. Notf\u00e4lle im Stra\u00dfenverkehr sind aber leider unberechenbar und kommen ohne Vorwarnung. Ein geplatzter Reifen oder ein liegengebliebenes Auto geh\u00f6ren zu den allt\u00e4glichen Zwischenf\u00e4llen auf unseren Stra\u00dfen. Falls auch Ihnen eine solche Panne widerfahren ist, rufen Sie uns an. Wir leisten&hellip;&nbsp;Read More &raquo;Pannenhilfe\" \/>\n<meta property=\"og:url\" content=\"https:\/\/abschleppdienst247.de\/en\/pannenhilfe\/\" \/>\n<meta property=\"og:site_name\" content=\"Abschleppdienst Berlin\" \/>\n<meta property=\"article:modified_time\" content=\"2018-03-26T20:39:13+00:00\" \/>\n<meta name=\"twitter:card\" content=\"summary_large_image\" \/>\n<script type=\"application\/ld+json\" class=\"yoast-schema-graph\">{\"@context\":\"https:\/\/schema.org\",\"@graph\":[{\"@type\":\"WebPage\",\"@id\":\"https:\/\/abschleppdienst247.de\/pannenhilfe\/\",\"url\":\"https:\/\/abschleppdienst247.de\/pannenhilfe\/\",\"name\":\"Pannenhilfe &#8902; Abschleppdienst Berlin\",\"isPartOf\":{\"@id\":\"https:\/\/abschleppdienst247.de\/#website\"},\"datePublished\":\"2017-10-10T07:23:30+00:00\",\"dateModified\":\"2018-03-26T20:39:13+00:00\",\"breadcrumb\":{\"@id\":\"https:\/\/abschleppdienst247.de\/pannenhilfe\/#breadcrumb\"},\"inLanguage\":\"en-US\",\"potentialAction\":[{\"@type\":\"ReadAction\",\"target\":[\"https:\/\/abschleppdienst247.de\/pannenhilfe\/\"]}]},{\"@type\":\"BreadcrumbList\",\"@id\":\"https:\/\/abschleppdienst247.de\/pannenhilfe\/#breadcrumb\",\"itemListElement\":[{\"@type\":\"ListItem\",\"position\":1,\"name\":\"\u0413\u043b\u0430\u0432\u043d\u0430\u044f \u0441\u0442\u0440\u0430\u043d\u0438\u0446\u0430\",\"item\":\"https:\/\/abschleppdienst247.de\/\"},{\"@type\":\"ListItem\",\"position\":2,\"name\":\"Pannenhilfe\"}]},{\"@type\":\"WebSite\",\"@id\":\"https:\/\/abschleppdienst247.de\/#website\",\"url\":\"https:\/\/abschleppdienst247.de\/\",\"name\":\"Abschleppdienst Berlin\",\"description\":\"Abschleppdienst Berlin\",\"publisher\":{\"@id\":\"https:\/\/abschleppdienst247.de\/#organization\"},\"potentialAction\":[{\"@type\":\"SearchAction\",\"target\":{\"@type\":\"EntryPoint\",\"urlTemplate\":\"https:\/\/abschleppdienst247.de\/?s={search_term_string}\"},\"query-input\":{\"@type\":\"PropertyValueSpecification\",\"valueRequired\":true,\"valueName\":\"search_term_string\"}}],\"inLanguage\":\"en-US\"},{\"@type\":\"Organization\",\"@id\":\"https:\/\/abschleppdienst247.de\/#organization\",\"name\":\"SAVTRANS-EXPRESS\",\"url\":\"https:\/\/abschleppdienst247.de\/\",\"logo\":{\"@type\":\"ImageObject\",\"inLanguage\":\"en-US\",\"@id\":\"https:\/\/abschleppdienst247.de\/#\/schema\/logo\/image\/\",\"url\":\"https:\/\/abschleppdienst247.de\/wp-content\/uploads\/2026\/01\/Savtrans-logo-150x150-px.png\",\"contentUrl\":\"https:\/\/abschleppdienst247.de\/wp-content\/uploads\/2026\/01\/Savtrans-logo-150x150-px.png\",\"width\":150,\"height\":150,\"caption\":\"SAVTRANS-EXPRESS\"},\"image\":{\"@id\":\"https:\/\/abschleppdienst247.de\/#\/schema\/logo\/image\/\"}}]}<\/script>\n<!-- \/ Yoast SEO plugin. -->","yoast_head_json":{"title":"Roadside assistance \u22c6 Towing service Berlin","robots":{"index":"index","follow":"follow","max-snippet":"max-snippet:-1","max-image-preview":"max-image-preview:large","max-video-preview":"max-video-preview:-1"},"canonical":"https:\/\/abschleppdienst247.de\/en\/pannenhilfe\/","og_locale":"en_US","og_type":"article","og_title":"Pannenhilfe &#8902; Abschleppdienst Berlin","og_description":"Die Pannen- und Unfallhilfe ist schnell f\u00fcr Sie da!Jeder Fahrer w\u00fcnscht sich eine sichere Fahrt. Notf\u00e4lle im Stra\u00dfenverkehr sind aber leider unberechenbar und kommen ohne Vorwarnung. Ein geplatzter Reifen oder ein liegengebliebenes Auto geh\u00f6ren zu den allt\u00e4glichen Zwischenf\u00e4llen auf unseren Stra\u00dfen. Falls auch Ihnen eine solche Panne widerfahren ist, rufen Sie uns an. Wir leisten&hellip;&nbsp;Read More &raquo;Pannenhilfe","og_url":"https:\/\/abschleppdienst247.de\/en\/pannenhilfe\/","og_site_name":"Abschleppdienst Berlin","article_modified_time":"2018-03-26T20:39:13+00:00","twitter_card":"summary_large_image","schema":{"@context":"https:\/\/schema.org","@graph":[{"@type":"WebPage","@id":"https:\/\/abschleppdienst247.de\/pannenhilfe\/","url":"https:\/\/abschleppdienst247.de\/pannenhilfe\/","name":"Roadside assistance \u22c6 Towing service Berlin","isPartOf":{"@id":"https:\/\/abschleppdienst247.de\/#website"},"datePublished":"2017-10-10T07:23:30+00:00","dateModified":"2018-03-26T20:39:13+00:00","breadcrumb":{"@id":"https:\/\/abschleppdienst247.de\/pannenhilfe\/#breadcrumb"},"inLanguage":"en-US","potentialAction":[{"@type":"ReadAction","target":["https:\/\/abschleppdienst247.de\/pannenhilfe\/"]}]},{"@type":"BreadcrumbList","@id":"https:\/\/abschleppdienst247.de\/pannenhilfe\/#breadcrumb","itemListElement":[{"@type":"ListItem","position":1,"name":"\u0413\u043b\u0430\u0432\u043d\u0430\u044f \u0441\u0442\u0440\u0430\u043d\u0438\u0446\u0430","item":"https:\/\/abschleppdienst247.de\/"},{"@type":"ListItem","position":2,"name":"Pannenhilfe"}]},{"@type":"WebSite","@id":"https:\/\/abschleppdienst247.de\/#website","url":"https:\/\/abschleppdienst247.de\/","name":"Towing service Berlin","description":"Towing service Berlin","publisher":{"@id":"https:\/\/abschleppdienst247.de\/#organization"},"potentialAction":[{"@type":"SearchAction","target":{"@type":"EntryPoint","urlTemplate":"https:\/\/abschleppdienst247.de\/?s={search_term_string}"},"query-input":{"@type":"PropertyValueSpecification","valueRequired":true,"valueName":"search_term_string"}}],"inLanguage":"en-US"},{"@type":"Organization","@id":"https:\/\/abschleppdienst247.de\/#organization","name":"SAVTRANS-EXPRESS","url":"https:\/\/abschleppdienst247.de\/","logo":{"@type":"ImageObject","inLanguage":"en-US","@id":"https:\/\/abschleppdienst247.de\/#\/schema\/logo\/image\/","url":"https:\/\/abschleppdienst247.de\/wp-content\/uploads\/2026\/01\/Savtrans-logo-150x150-px.png","contentUrl":"https:\/\/abschleppdienst247.de\/wp-content\/uploads\/2026\/01\/Savtrans-logo-150x150-px.png","width":150,"height":150,"caption":"SAVTRANS-EXPRESS"},"image":{"@id":"https:\/\/abschleppdienst247.de\/#\/schema\/logo\/image\/"}}]}},"brizy_media":[],"_links":{"self":[{"href":"https:\/\/abschleppdienst247.de\/en\/wp-json\/wp\/v2\/pages\/46","targetHints":{"allow":["GET"]}}],"collection":[{"href":"https:\/\/abschleppdienst247.de\/en\/wp-json\/wp\/v2\/pages"}],"about":[{"href":"https:\/\/abschleppdienst247.de\/en\/wp-json\/wp\/v2\/types\/page"}],"author":[{"embeddable":true,"href":"https:\/\/abschleppdienst247.de\/en\/wp-json\/wp\/v2\/users\/1"}],"replies":[{"embeddable":true,"href":"https:\/\/abschleppdienst247.de\/en\/wp-json\/wp\/v2\/comments?post=46"}],"version-history":[{"count":34,"href":"https:\/\/abschleppdienst247.de\/en\/wp-json\/wp\/v2\/pages\/46\/revisions"}],"predecessor-version":[{"id":736,"href":"https:\/\/abschleppdienst247.de\/en\/wp-json\/wp\/v2\/pages\/46\/revisions\/736"}],"wp:attachment":[{"href":"https:\/\/abschleppdienst247.de\/en\/wp-json\/wp\/v2\/media?parent=46"}],"curies":[{"name":"wp","href":"https:\/\/api.w.org\/{rel}","templated":true}]}}