{"id":40,"date":"2017-10-10T06:46:34","date_gmt":"2017-10-10T06:46:34","guid":{"rendered":"http:\/\/abschleppdienst247.de\/?page_id=40"},"modified":"2026-01-06T15:17:01","modified_gmt":"2026-01-06T15:17:01","slug":"uber-uns","status":"publish","type":"page","link":"https:\/\/abschleppdienst247.de\/en\/uber-uns\/","title":{"rendered":"About us"},"content":{"rendered":"<p>We are Towing Service 24-7, as a transportation company we are pleased to offer you our services in the field of car transportation. We have been on the market since 2016. Our services include:<\/p>\n<p>Towing service, car transportation, roadside assistance and <a href=\"https:\/\/kfz-werkstatt-savtrans.de\">Car workshop<\/a><\/p>\n<p>We accept orders from companies as well as private individuals. We also conclude long-term contracts with car dealerships and service centers.<\/p>\n<p><!-- 90dd4c46b7bd4004771c78183381fb54 --><\/p>","protected":false},"excerpt":{"rendered":"<p>We are Towing Service 24-7, as a transportation company we are pleased to offer you our services in the field of car transportation. We have been on the market since 2016. Our services include: Towing service, car transportation, roadside assistance and car repair shop We accept orders from companies as well as private individuals. We also conclude long-term contracts with car dealerships and service centers.<\/p>","protected":false},"author":1,"featured_media":0,"parent":0,"menu_order":0,"comment_status":"closed","ping_status":"closed","template":"","meta":{"neve_meta_sidebar":"","neve_meta_container":"","neve_meta_enable_content_width":"","neve_meta_content_width":0,"neve_meta_title_alignment":"","neve_meta_author_avatar":"","neve_post_elements_order":"","neve_meta_disable_header":"","neve_meta_disable_footer":"","neve_meta_disable_title":"","_themeisle_gutenberg_block_has_review":false,"footnotes":""},"class_list":["post-40","page","type-page","status-publish","hentry"],"yoast_head":"<!-- This site is optimized with the Yoast SEO plugin v27.1.1 - https:\/\/yoast.com\/product\/yoast-seo-wordpress\/ -->\n<title>\u00dcber uns &#8902; Abschleppdienst Berlin<\/title>\n<meta name=\"robots\" content=\"index, follow, max-snippet:-1, max-image-preview:large, max-video-preview:-1\" \/>\n<link rel=\"canonical\" href=\"https:\/\/abschleppdienst247.de\/en\/uber-uns\/\" \/>\n<meta property=\"og:locale\" content=\"en_US\" \/>\n<meta property=\"og:type\" content=\"article\" \/>\n<meta property=\"og:title\" content=\"\u00dcber uns &#8902; Abschleppdienst Berlin\" \/>\n<meta property=\"og:description\" content=\"Wir sind Abschleppdienst 24-7, als Transportunternehmen freuen wir uns Ihnen unsere Dienstleistungen im Bereich Autotransporte anbieten zu k\u00f6nnen. Wir sind seit 2016 auf dem Markt. Zu unserem Service geh\u00f6ren: Abschleppdienst, Autotransporte, Pannenhilfe und Kfz-Werkstatt Wir nehmen Auftr\u00e4ge von Firmen als auch Privatpersonen an. Ebenso schlie\u00dfen wir langfristige Vertr\u00e4ge mit Autoh\u00e4usern und Servicecenter.\" \/>\n<meta property=\"og:url\" content=\"https:\/\/abschleppdienst247.de\/en\/uber-uns\/\" \/>\n<meta property=\"og:site_name\" content=\"Abschleppdienst Berlin\" \/>\n<meta property=\"article:modified_time\" content=\"2026-01-06T15:17:01+00:00\" \/>\n<meta name=\"twitter:card\" content=\"summary_large_image\" \/>\n<script type=\"application\/ld+json\" class=\"yoast-schema-graph\">{\"@context\":\"https:\/\/schema.org\",\"@graph\":[{\"@type\":\"WebPage\",\"@id\":\"https:\/\/abschleppdienst247.de\/uber-uns\/\",\"url\":\"https:\/\/abschleppdienst247.de\/uber-uns\/\",\"name\":\"\u00dcber uns &#8902; Abschleppdienst Berlin\",\"isPartOf\":{\"@id\":\"https:\/\/abschleppdienst247.de\/#website\"},\"datePublished\":\"2017-10-10T06:46:34+00:00\",\"dateModified\":\"2026-01-06T15:17:01+00:00\",\"breadcrumb\":{\"@id\":\"https:\/\/abschleppdienst247.de\/uber-uns\/#breadcrumb\"},\"inLanguage\":\"en-US\",\"potentialAction\":[{\"@type\":\"ReadAction\",\"target\":[\"https:\/\/abschleppdienst247.de\/uber-uns\/\"]}]},{\"@type\":\"BreadcrumbList\",\"@id\":\"https:\/\/abschleppdienst247.de\/uber-uns\/#breadcrumb\",\"itemListElement\":[{\"@type\":\"ListItem\",\"position\":1,\"name\":\"\u0413\u043b\u0430\u0432\u043d\u0430\u044f \u0441\u0442\u0440\u0430\u043d\u0438\u0446\u0430\",\"item\":\"https:\/\/abschleppdienst247.de\/\"},{\"@type\":\"ListItem\",\"position\":2,\"name\":\"\u00dcber uns\"}]},{\"@type\":\"WebSite\",\"@id\":\"https:\/\/abschleppdienst247.de\/#website\",\"url\":\"https:\/\/abschleppdienst247.de\/\",\"name\":\"Abschleppdienst Berlin\",\"description\":\"Abschleppdienst Berlin\",\"publisher\":{\"@id\":\"https:\/\/abschleppdienst247.de\/#organization\"},\"potentialAction\":[{\"@type\":\"SearchAction\",\"target\":{\"@type\":\"EntryPoint\",\"urlTemplate\":\"https:\/\/abschleppdienst247.de\/?s={search_term_string}\"},\"query-input\":{\"@type\":\"PropertyValueSpecification\",\"valueRequired\":true,\"valueName\":\"search_term_string\"}}],\"inLanguage\":\"en-US\"},{\"@type\":\"Organization\",\"@id\":\"https:\/\/abschleppdienst247.de\/#organization\",\"name\":\"SAVTRANS-EXPRESS\",\"url\":\"https:\/\/abschleppdienst247.de\/\",\"logo\":{\"@type\":\"ImageObject\",\"inLanguage\":\"en-US\",\"@id\":\"https:\/\/abschleppdienst247.de\/#\/schema\/logo\/image\/\",\"url\":\"https:\/\/abschleppdienst247.de\/wp-content\/uploads\/2026\/01\/Savtrans-logo-150x150-px.png\",\"contentUrl\":\"https:\/\/abschleppdienst247.de\/wp-content\/uploads\/2026\/01\/Savtrans-logo-150x150-px.png\",\"width\":150,\"height\":150,\"caption\":\"SAVTRANS-EXPRESS\"},\"image\":{\"@id\":\"https:\/\/abschleppdienst247.de\/#\/schema\/logo\/image\/\"}}]}<\/script>\n<!-- \/ Yoast SEO plugin. -->","yoast_head_json":{"title":"About us \u22c6 Towing service Berlin","robots":{"index":"index","follow":"follow","max-snippet":"max-snippet:-1","max-image-preview":"max-image-preview:large","max-video-preview":"max-video-preview:-1"},"canonical":"https:\/\/abschleppdienst247.de\/en\/uber-uns\/","og_locale":"en_US","og_type":"article","og_title":"\u00dcber uns &#8902; Abschleppdienst Berlin","og_description":"Wir sind Abschleppdienst 24-7, als Transportunternehmen freuen wir uns Ihnen unsere Dienstleistungen im Bereich Autotransporte anbieten zu k\u00f6nnen. Wir sind seit 2016 auf dem Markt. Zu unserem Service geh\u00f6ren: Abschleppdienst, Autotransporte, Pannenhilfe und Kfz-Werkstatt Wir nehmen Auftr\u00e4ge von Firmen als auch Privatpersonen an. Ebenso schlie\u00dfen wir langfristige Vertr\u00e4ge mit Autoh\u00e4usern und Servicecenter.","og_url":"https:\/\/abschleppdienst247.de\/en\/uber-uns\/","og_site_name":"Abschleppdienst Berlin","article_modified_time":"2026-01-06T15:17:01+00:00","twitter_card":"summary_large_image","schema":{"@context":"https:\/\/schema.org","@graph":[{"@type":"WebPage","@id":"https:\/\/abschleppdienst247.de\/uber-uns\/","url":"https:\/\/abschleppdienst247.de\/uber-uns\/","name":"About us \u22c6 Towing service Berlin","isPartOf":{"@id":"https:\/\/abschleppdienst247.de\/#website"},"datePublished":"2017-10-10T06:46:34+00:00","dateModified":"2026-01-06T15:17:01+00:00","breadcrumb":{"@id":"https:\/\/abschleppdienst247.de\/uber-uns\/#breadcrumb"},"inLanguage":"en-US","potentialAction":[{"@type":"ReadAction","target":["https:\/\/abschleppdienst247.de\/uber-uns\/"]}]},{"@type":"BreadcrumbList","@id":"https:\/\/abschleppdienst247.de\/uber-uns\/#breadcrumb","itemListElement":[{"@type":"ListItem","position":1,"name":"\u0413\u043b\u0430\u0432\u043d\u0430\u044f \u0441\u0442\u0440\u0430\u043d\u0438\u0446\u0430","item":"https:\/\/abschleppdienst247.de\/"},{"@type":"ListItem","position":2,"name":"\u00dcber uns"}]},{"@type":"WebSite","@id":"https:\/\/abschleppdienst247.de\/#website","url":"https:\/\/abschleppdienst247.de\/","name":"Towing service Berlin","description":"Towing service Berlin","publisher":{"@id":"https:\/\/abschleppdienst247.de\/#organization"},"potentialAction":[{"@type":"SearchAction","target":{"@type":"EntryPoint","urlTemplate":"https:\/\/abschleppdienst247.de\/?s={search_term_string}"},"query-input":{"@type":"PropertyValueSpecification","valueRequired":true,"valueName":"search_term_string"}}],"inLanguage":"en-US"},{"@type":"Organization","@id":"https:\/\/abschleppdienst247.de\/#organization","name":"SAVTRANS-EXPRESS","url":"https:\/\/abschleppdienst247.de\/","logo":{"@type":"ImageObject","inLanguage":"en-US","@id":"https:\/\/abschleppdienst247.de\/#\/schema\/logo\/image\/","url":"https:\/\/abschleppdienst247.de\/wp-content\/uploads\/2026\/01\/Savtrans-logo-150x150-px.png","contentUrl":"https:\/\/abschleppdienst247.de\/wp-content\/uploads\/2026\/01\/Savtrans-logo-150x150-px.png","width":150,"height":150,"caption":"SAVTRANS-EXPRESS"},"image":{"@id":"https:\/\/abschleppdienst247.de\/#\/schema\/logo\/image\/"}}]}},"brizy_media":[],"_links":{"self":[{"href":"https:\/\/abschleppdienst247.de\/en\/wp-json\/wp\/v2\/pages\/40","targetHints":{"allow":["GET"]}}],"collection":[{"href":"https:\/\/abschleppdienst247.de\/en\/wp-json\/wp\/v2\/pages"}],"about":[{"href":"https:\/\/abschleppdienst247.de\/en\/wp-json\/wp\/v2\/types\/page"}],"author":[{"embeddable":true,"href":"https:\/\/abschleppdienst247.de\/en\/wp-json\/wp\/v2\/users\/1"}],"replies":[{"embeddable":true,"href":"https:\/\/abschleppdienst247.de\/en\/wp-json\/wp\/v2\/comments?post=40"}],"version-history":[{"count":10,"href":"https:\/\/abschleppdienst247.de\/en\/wp-json\/wp\/v2\/pages\/40\/revisions"}],"predecessor-version":[{"id":1247,"href":"https:\/\/abschleppdienst247.de\/en\/wp-json\/wp\/v2\/pages\/40\/revisions\/1247"}],"wp:attachment":[{"href":"https:\/\/abschleppdienst247.de\/en\/wp-json\/wp\/v2\/media?parent=40"}],"curies":[{"name":"wp","href":"https:\/\/api.w.org\/{rel}","templated":true}]}}